{"id":13,"date":"2026-01-17T15:29:36","date_gmt":"2026-01-17T14:29:36","guid":{"rendered":"https:\/\/frederiquedetraux.fr\/?page_id=13"},"modified":"2026-01-17T15:33:05","modified_gmt":"2026-01-17T14:33:05","slug":"frederique-detraux","status":"publish","type":"page","link":"https:\/\/frederiquedetraux.fr\/index.php\/frederique-detraux\/","title":{"rendered":"Fr\u00e9d\u00e9rique DETRAUX"},"content":{"rendered":"\n<div class=\"wp-block-group alignfull has-global-padding is-layout-constrained wp-container-core-group-is-layout-0c9c989a wp-block-group-is-layout-constrained\" style=\"min-height:0vh;margin-top:0;margin-bottom:0;padding-top:var(--wp--preset--spacing--70);padding-right:var(--wp--preset--spacing--40);padding-bottom:var(--wp--preset--spacing--70);padding-left:var(--wp--preset--spacing--40)\">\n<div class=\"wp-block-group has-global-padding is-layout-constrained wp-container-core-group-is-layout-346627ba wp-block-group-is-layout-constrained\">\n<p class=\"has-text-align-center\">Peintre plasticienne<\/p>\n\n\n\n<p class=\"has-text-align-center\">Passionn\u00e9e depuis toujours par le monde marin, je transforme la beaut\u00e9 brute des oc\u00e9ans en \u0153uvres d\u2019art uniques, \u00e0 travers la r\u00e9sine, les pigments et des \u00e9l\u00e9ments naturels comme le sable.<br><br>N\u00e9e \u00e0 Lille et dipl\u00f4m\u00e9e d\u2019un Master en biologie, j\u2019ai d\u2019abord travaill\u00e9 dans le domaine de l\u2019aquaculture et des produits de la mer. Cette exp\u00e9rience a renforc\u00e9 mon lien profond avec l\u2019univers marin et constitue aujourd\u2019hui le socle de ma d\u00e9marche artistique. \u00c0 travers mes cr\u00e9ations je cherche \u00e0 transmettre la beaut\u00e9, la fragilit\u00e9 et la force de cet univers fascinant.<br><br>Depuis plusieurs ann\u00e9es, je d\u00e9veloppe une technique m\u00ealant r\u00e9sine \u00e9poxy, pigments et textures naturelles afin de restituer la vie sous marine, l&rsquo;effet de profondeur et le mouvement.<br><br>Mes tableaux offrent des vues a\u00e9riennes de plages et de lagons, o\u00f9 les vagues ondulent et dansent sur le rivage dans une harmonie de bleus. Chaque \u0153uvre invite \u00e0 la contemplation, tandis que l\u2019effet mousseux des vagues, obtenu par un travail minutieux, conf\u00e8re un r\u00e9alisme saisissant, presque vivant.<br><br>J\u2019aime l\u2019id\u00e9e que mes cr\u00e9ations puissent apporter \u00e0 nos int\u00e9rieurs une connexion \u00e0 la nature et \u00e0 la beaut\u00e9 des oc\u00e9ans.<\/p>\n\n\n\n<p class=\"has-text-align-center\"><a href=\"https:\/\/www.instagram.com\/frederiquedetraux?igsh=MWRlMDdsNm1xbWV3OA%3D%3D&amp;utm_source=qr\">https:\/\/www.instagram.com\/frederiquedetraux?igsh=MWRlMDdsNm1xbWV3OA%3D%3D&amp;utm_source=qr<\/a><\/p>\n\n\n\n<p class=\"has-text-align-center\">detrauxfrederique@gmail.com<\/p>\n\n\n\n<p class=\"has-text-align-center\"><\/p>\n\n\n\n<div class=\"wp-block-buttons is-content-justification-center is-layout-flex wp-container-core-buttons-is-layout-a89b3969 wp-block-buttons-is-layout-flex\">\n<div class=\"wp-block-button\"><a class=\"wp-block-button__link wp-element-button\">Learn more<\/a><\/div>\n<\/div>\n<\/div>\n<\/div>\n\n\n\n<div class=\"wp-block-group alignfull is-style-section-1 has-global-padding is-layout-constrained wp-block-group-is-layout-constrained is-style-section-1--1\" style=\"margin-top:0;margin-bottom:0;padding-top:var(--wp--preset--spacing--80);padding-bottom:var(--wp--preset--spacing--80)\">\n<div class=\"wp-block-columns alignwide is-layout-flex wp-container-core-columns-is-layout-66fad18a wp-block-columns-is-layout-flex\">\n<div class=\"wp-block-column is-layout-flow wp-block-column-is-layout-flow\" style=\"padding-right:var(--wp--preset--spacing--50);flex-basis:45%\">\n<figure class=\"wp-block-image size-full is-resized\"><img loading=\"lazy\" decoding=\"async\" width=\"591\" height=\"480\" src=\"https:\/\/frederiquedetraux.fr\/wp-content\/uploads\/2026\/01\/IMG_3483.jpeg\" alt=\"\" class=\"wp-image-17\" style=\"aspect-ratio:1.2312676962006701;width:491px;height:auto\" srcset=\"https:\/\/frederiquedetraux.fr\/wp-content\/uploads\/2026\/01\/IMG_3483.jpeg 591w, https:\/\/frederiquedetraux.fr\/wp-content\/uploads\/2026\/01\/IMG_3483-300x244.jpeg 300w\" sizes=\"auto, (max-width: 591px) 100vw, 591px\" \/><\/figure>\n\n\n\n<div class=\"wp-block-group has-global-padding is-layout-constrained wp-block-group-is-layout-constrained\" style=\"margin-top:-12vw\"><\/div>\n<\/div>\n\n\n\n<div class=\"wp-block-column is-vertically-aligned-center is-layout-flow wp-block-column-is-layout-flow\" style=\"padding-right:0;padding-left:0;flex-basis:50%\">\n<div class=\"wp-block-group is-vertical is-layout-flex wp-container-core-group-is-layout-fe9cc265 wp-block-group-is-layout-flex\">\n<h2 class=\"wp-block-heading is-style-text-annotation is-style-text-annotation--2\">About Us<\/h2>\n<\/div>\n\n\n\n<p class=\"is-style-text-subtitle is-style-text-subtitle--3\">Les tableaux sont r\u00e9alis\u00e9s en plusieurs couches de r\u00e9sine et sable, avec un s\u00e9chage de 48h minimum entre chaque \u00e9paisseur.<\/p>\n<\/div>\n<\/div>\n<\/div>\n\n\n\n<div class=\"wp-block-group alignfull has-global-padding is-layout-constrained wp-block-group-is-layout-constrained\" style=\"margin-top:0;margin-bottom:0;padding-top:var(--wp--preset--spacing--60);padding-bottom:var(--wp--preset--spacing--60)\">\n<div class=\"wp-block-columns alignwide is-layout-flex wp-container-core-columns-is-layout-74b2cda3 wp-block-columns-is-layout-flex\">\n<div class=\"wp-block-column is-layout-flow wp-block-column-is-layout-flow\">\n<div class=\"wp-block-group is-vertical is-content-justification-left is-layout-flex wp-container-core-group-is-layout-7ce391b6 wp-block-group-is-layout-flex\" style=\"min-height:100%\">\n<blockquote class=\"wp-block-quote is-style-plain has-x-large-font-size is-layout-flow wp-container-core-quote-is-layout-5dafc681 wp-block-quote-is-layout-flow is-style-plain--4\" style=\"font-style:normal;font-weight:400\">\n<div class=\"wp-block-group has-global-padding is-content-justification-left is-layout-constrained wp-container-core-group-is-layout-085bd3d9 wp-block-group-is-layout-constrained\" style=\"margin-top:0;margin-bottom:0;padding-top:0;padding-right:0;padding-bottom:0;padding-left:0\">\n<p class=\"has-large-font-size\"><strong>Ev\u00e8nements :<\/strong><\/p>\n\n\n\n<p><\/p>\n\n\n\n<p class=\"has-large-font-size\"><strong>Oct 2024 \u00e0 fev 2025 :<\/strong><br><strong>Expos\u00e9e dans la galerie de Fanny Hammer \u00e0 Lille, rue des vieux murs.<\/strong><br><br><strong>19\/20\/21 septembre 2025 :<\/strong><br><strong>Exposition au salon Solid\u2019art Montpellier<br><br>30 mai 2026<br>Vernissage restaurant Le coeur des Sables \u00e0 Carnon (34) et exposition mai\/juin des \u0153uvres<\/strong><\/p>\n<\/div>\n<\/blockquote>\n\n\n\n<h2 class=\"wp-block-heading is-style-text-annotation has-x-small-font-size is-style-text-annotation--5\">Ev\u00e8nements<\/h2>\n<\/div>\n<\/div>\n\n\n\n<div class=\"wp-block-column is-layout-flow wp-block-column-is-layout-flow\" style=\"padding-top:0;padding-right:0;padding-bottom:0;padding-left:0\">\n<figure class=\"wp-block-image size-large\"><img loading=\"lazy\" decoding=\"async\" width=\"831\" height=\"1024\" src=\"https:\/\/frederiquedetraux.fr\/wp-content\/uploads\/2026\/01\/IMG_7455-831x1024.jpg\" alt=\"\" class=\"wp-image-26\" style=\"aspect-ratio:1;object-fit:cover\" srcset=\"https:\/\/frederiquedetraux.fr\/wp-content\/uploads\/2026\/01\/IMG_7455-831x1024.jpg 831w, https:\/\/frederiquedetraux.fr\/wp-content\/uploads\/2026\/01\/IMG_7455-244x300.jpg 244w, https:\/\/frederiquedetraux.fr\/wp-content\/uploads\/2026\/01\/IMG_7455-768x946.jpg 768w, https:\/\/frederiquedetraux.fr\/wp-content\/uploads\/2026\/01\/IMG_7455.jpg 1170w\" sizes=\"auto, (max-width: 831px) 100vw, 831px\" \/><\/figure>\n<\/div>\n<\/div>\n<\/div>\n\n\n\n<div class=\"wp-block-group alignfull has-global-padding is-layout-constrained wp-container-core-group-is-layout-ebee8dc1 wp-block-group-is-layout-constrained\" style=\"margin-top:0;margin-bottom:0;padding-top:var(--wp--preset--spacing--50);padding-bottom:var(--wp--preset--spacing--50)\">\n<h2 class=\"wp-block-heading alignwide\"><\/h2>\n\n\n\n<p><\/p>\n\n\n\n<div class=\"wp-block-columns alignwide is-layout-flex wp-container-core-columns-is-layout-28f84493 wp-block-columns-is-layout-flex\">\n<div class=\"wp-block-column is-layout-flow wp-block-column-is-layout-flow\">\n<figure class=\"wp-block-image size-full\" style=\"margin-bottom:24px\"><img loading=\"lazy\" decoding=\"async\" width=\"640\" height=\"460\" src=\"https:\/\/frederiquedetraux.fr\/wp-content\/uploads\/2026\/01\/IMG_4751.jpeg\" alt=\"\" class=\"wp-image-22\" style=\"aspect-ratio:1.3333333333333333;object-fit:cover\" srcset=\"https:\/\/frederiquedetraux.fr\/wp-content\/uploads\/2026\/01\/IMG_4751.jpeg 640w, https:\/\/frederiquedetraux.fr\/wp-content\/uploads\/2026\/01\/IMG_4751-300x216.jpeg 300w\" sizes=\"auto, (max-width: 640px) 100vw, 640px\" \/><\/figure>\n\n\n\n<p class=\"has-medium-font-size\"><\/p>\n<\/div>\n\n\n\n<div class=\"wp-block-column is-layout-flow wp-block-column-is-layout-flow\">\n<figure class=\"wp-block-image size-full\" style=\"margin-bottom:24px\"><img loading=\"lazy\" decoding=\"async\" width=\"481\" height=\"496\" src=\"https:\/\/frederiquedetraux.fr\/wp-content\/uploads\/2026\/01\/IMG_3490.jpeg\" alt=\"\" class=\"wp-image-18\" style=\"aspect-ratio:4\/3;object-fit:cover\" srcset=\"https:\/\/frederiquedetraux.fr\/wp-content\/uploads\/2026\/01\/IMG_3490.jpeg 481w, https:\/\/frederiquedetraux.fr\/wp-content\/uploads\/2026\/01\/IMG_3490-291x300.jpeg 291w\" sizes=\"auto, (max-width: 481px) 100vw, 481px\" \/><\/figure>\n\n\n\n<p class=\"has-medium-font-size\"><\/p>\n<\/div>\n\n\n\n<div class=\"wp-block-column is-layout-flow wp-block-column-is-layout-flow\">\n<figure class=\"wp-block-image size-full\" style=\"margin-bottom:24px\"><img loading=\"lazy\" decoding=\"async\" width=\"494\" height=\"480\" src=\"https:\/\/frederiquedetraux.fr\/wp-content\/uploads\/2026\/01\/IMG_1906-2.jpeg\" alt=\"\" class=\"wp-image-15\" style=\"aspect-ratio:4\/3;object-fit:cover\" srcset=\"https:\/\/frederiquedetraux.fr\/wp-content\/uploads\/2026\/01\/IMG_1906-2.jpeg 494w, https:\/\/frederiquedetraux.fr\/wp-content\/uploads\/2026\/01\/IMG_1906-2-300x291.jpeg 300w\" sizes=\"auto, (max-width: 494px) 100vw, 494px\" \/><\/figure>\n\n\n\n<p class=\"has-medium-font-size\"><\/p>\n<\/div>\n<\/div>\n<\/div>\n\n\n\n<div class=\"wp-block-group alignfull has-global-padding is-layout-constrained wp-block-group-is-layout-constrained\" style=\"margin-top:0;margin-bottom:0;padding-top:var(--wp--preset--spacing--60);padding-bottom:var(--wp--preset--spacing--60)\">\n<h2 class=\"wp-block-heading alignwide has-text-align-center\">Pricing<\/h2>\n\n\n\n<p class=\"has-text-align-center\">Cancel or pause anytime.<\/p>\n\n\n\n<div style=\"height:var(--wp--preset--spacing--40)\" aria-hidden=\"true\" class=\"wp-block-spacer\"><\/div>\n\n\n\n<div class=\"wp-block-columns alignwide is-layout-flex wp-container-core-columns-is-layout-1d9f35bd wp-block-columns-is-layout-flex\">\n<div class=\"wp-block-column has-border-color is-layout-flow wp-block-column-is-layout-flow\" style=\"border-color:var(--wp--preset--color--accent-6);border-width:1px;border-radius:10px;padding-top:var(--wp--preset--spacing--50);padding-right:var(--wp--preset--spacing--50);padding-bottom:var(--wp--preset--spacing--50);padding-left:var(--wp--preset--spacing--50)\">\n<h3 class=\"wp-block-heading\" id=\"free\">Free<\/h3>\n\n\n\n<p class=\"has-large-font-size\">0\u20ac<\/p>\n\n\n\n<ul style=\"padding-bottom:var(--wp--preset--spacing--20);padding-left:var(--wp--preset--spacing--20)\" class=\"wp-block-list is-style-checkmark-list has-small-font-size\">\n<li>Get access to our paid articles and weekly newsletter.<\/li>\n\n\n\n<li>Join our IRL events.<\/li>\n\n\n\n<li>Get a free tote bag.<\/li>\n\n\n\n<li>An elegant addition of home decor collection.<\/li>\n\n\n\n<li>Join our forums.<\/li>\n<\/ul>\n\n\n\n<div class=\"wp-block-buttons is-content-justification-center is-layout-flex wp-container-core-buttons-is-layout-a89b3969 wp-block-buttons-is-layout-flex\">\n<div class=\"wp-block-button has-custom-width wp-block-button__width-100\"><a class=\"wp-block-button__link wp-element-button\">Join<\/a><\/div>\n<\/div>\n<\/div>\n\n\n\n<div class=\"wp-block-column has-border-color is-layout-flow wp-block-column-is-layout-flow\" style=\"border-color:var(--wp--preset--color--accent-6);border-width:1px;border-radius:10px;padding-top:var(--wp--preset--spacing--50);padding-right:var(--wp--preset--spacing--50);padding-bottom:var(--wp--preset--spacing--50);padding-left:var(--wp--preset--spacing--50)\">\n<h3 class=\"wp-block-heading\" id=\"single\">Single<\/h3>\n\n\n\n<p class=\"has-large-font-size\">20\u20ac\/month<\/p>\n\n\n\n<ul style=\"padding-bottom:var(--wp--preset--spacing--20);padding-left:var(--wp--preset--spacing--20)\" class=\"wp-block-list is-style-checkmark-list has-small-font-size\">\n<li>Get access to our paid articles and weekly newsletter.<\/li>\n\n\n\n<li>Join our IRL events.<\/li>\n\n\n\n<li>Get a free tote bag.<\/li>\n\n\n\n<li>An elegant addition of home decor collection.<\/li>\n\n\n\n<li>Join our forums.<\/li>\n<\/ul>\n\n\n\n<div class=\"wp-block-buttons is-content-justification-center is-layout-flex wp-container-core-buttons-is-layout-a89b3969 wp-block-buttons-is-layout-flex\">\n<div class=\"wp-block-button has-custom-width wp-block-button__width-100\"><a class=\"wp-block-button__link wp-element-button\">Join<\/a><\/div>\n<\/div>\n<\/div>\n<\/div>\n<\/div>\n\n\n\n<aside class=\"wp-block-group alignfull is-style-section-3 has-global-padding is-layout-constrained wp-container-core-group-is-layout-f0f2a97b wp-block-group-is-layout-constrained is-style-section-3--6\" style=\"margin-top:0;margin-bottom:0;padding-top:var(--wp--preset--spacing--50);padding-right:var(--wp--preset--spacing--50);padding-bottom:var(--wp--preset--spacing--50);padding-left:var(--wp--preset--spacing--50)\">\n<div class=\"wp-block-group is-vertical is-content-justification-center is-layout-flex wp-container-core-group-is-layout-8778ca4a wp-block-group-is-layout-flex\" style=\"min-height:360px;margin-top:0;margin-bottom:0\">\n<h2 class=\"wp-block-heading has-text-align-center has-xx-large-font-size\">Sign up to get daily stories<\/h2>\n\n\n\n<p class=\"has-text-align-center is-style-text-subtitle is-style-text-subtitle--7\">Get access to a curated collection of moments in time featuring photographs from historical relevance.<\/p>\n\n\n\n<div style=\"height:0px\" aria-hidden=\"true\" class=\"wp-block-spacer wp-container-content-62aae154\"><\/div>\n\n\n\n<div class=\"wp-block-buttons is-content-justification-center is-layout-flex wp-container-core-buttons-is-layout-a89b3969 wp-block-buttons-is-layout-flex\">\n<div class=\"wp-block-button\"><a class=\"wp-block-button__link has-text-align-center wp-element-button\">Subscribe<\/a><\/div>\n<\/div>\n<\/div>\n<\/aside>\n","protected":false},"excerpt":{"rendered":"<p>Peintre plasticienne Passionn\u00e9e depuis toujours par le monde marin, je transforme la beaut\u00e9 brute des oc\u00e9ans en \u0153uvres d\u2019art uniques, \u00e0 travers la r\u00e9sine, les pigments et des \u00e9l\u00e9ments naturels comme le sable. N\u00e9e \u00e0 Lille et dipl\u00f4m\u00e9e d\u2019un Master en biologie, j\u2019ai d\u2019abord travaill\u00e9 dans le domaine de l\u2019aquaculture et des produits de la [&hellip;]<\/p>\n","protected":false},"author":1,"featured_media":0,"parent":0,"menu_order":0,"comment_status":"closed","ping_status":"closed","template":"","meta":{"footnotes":""},"class_list":["post-13","page","type-page","status-publish","hentry"],"_links":{"self":[{"href":"https:\/\/frederiquedetraux.fr\/index.php\/wp-json\/wp\/v2\/pages\/13","targetHints":{"allow":["GET"]}}],"collection":[{"href":"https:\/\/frederiquedetraux.fr\/index.php\/wp-json\/wp\/v2\/pages"}],"about":[{"href":"https:\/\/frederiquedetraux.fr\/index.php\/wp-json\/wp\/v2\/types\/page"}],"author":[{"embeddable":true,"href":"https:\/\/frederiquedetraux.fr\/index.php\/wp-json\/wp\/v2\/users\/1"}],"replies":[{"embeddable":true,"href":"https:\/\/frederiquedetraux.fr\/index.php\/wp-json\/wp\/v2\/comments?post=13"}],"version-history":[{"count":2,"href":"https:\/\/frederiquedetraux.fr\/index.php\/wp-json\/wp\/v2\/pages\/13\/revisions"}],"predecessor-version":[{"id":29,"href":"https:\/\/frederiquedetraux.fr\/index.php\/wp-json\/wp\/v2\/pages\/13\/revisions\/29"}],"wp:attachment":[{"href":"https:\/\/frederiquedetraux.fr\/index.php\/wp-json\/wp\/v2\/media?parent=13"}],"curies":[{"name":"wp","href":"https:\/\/api.w.org\/{rel}","templated":true}]}}